{"id":565,"date":"2018-02-21T11:02:03","date_gmt":"2018-02-21T11:02:03","guid":{"rendered":"http:\/\/abifiladelfia-vl.org\/?page_id=565"},"modified":"2019-03-21T19:41:20","modified_gmt":"2019-03-21T19:41:20","slug":"cursuri-colegiu-outreach","status":"publish","type":"page","link":"https:\/\/abifiladelfia-vl.org\/index.php\/cursuri-colegiu-outreach\/","title":{"rendered":"Cursuri Colegiu Outreach"},"content":{"rendered":"<ol>\n<li><a href=\"https:\/\/abifiladelfia-vl.org\/wp-content\/uploads\/2018\/03\/Curs-de-Arheologie-Rom.pdf\">Curs de Arheologie &#8211; Limba Rom\u00e2n\u0103<\/a><\/li>\n<li><a href=\"https:\/\/abifiladelfia-vl.org\/wp-content\/uploads\/2018\/11\/HEBREWSLESSONTEXTANDTEACHINGOUTLINES.pdf\">Curs Epistola c\u0103tre Evrei &#8211; Limba Englez\u0103 &#8211; Zane Meyer<\/a><\/li>\n<li><a href=\"https:\/\/abifiladelfia-vl.org\/wp-content\/uploads\/2018\/11\/HolySpiritandtheChurchTEACHINGTEXT.pdf\">Curs Teologie Sistematic\u0103: Duhul Sf\u00e2nt \u0219i Biserica &#8211; Limba Englez\u0103 &#8211; Jeff Benedict<\/a><\/li>\n<li><a href=\"https:\/\/abifiladelfia-vl.org\/wp-content\/uploads\/2018\/11\/THEHOLYSPIRITANDTHEPASTORTEACHINGTEXT.pdf\">Curs Teologie Sistematic\u0103 Duhul Sf\u00e2nt \u0219i Pastorul &#8211; Limba Englez\u0103 &#8211; Jeff Benedict<\/a><\/li>\n<li><a href=\"https:\/\/abifiladelfia-vl.org\/index.php\/cursuri-colegiu-outreach\/introducere-in-noul-testament\/\" rel=\"attachment wp-att-828\">Introducere in Noul Testament &#8211; Matei Sergiu<\/a><\/li>\n<li><a href=\"https:\/\/abifiladelfia-vl.org\/index.php\/cursuri-colegiu-outreach\/introducere-la-vechiul-testament\/\" rel=\"attachment wp-att-864\">Introducere la Vechiul Testament &#8211; Dionisie Bertalan<\/a><\/li>\n<li><a href=\"https:\/\/abifiladelfia-vl.org\/index.php\/cursuri-colegiu-outreach\/elemente-cheie-in-consiliere\/\" rel=\"attachment wp-att-869\">Elemente cheie in Consiliere &#8211; Igor Seremet<\/a><\/li>\n<\/ol>\n ","protected":false},"excerpt":{"rendered":"<p>Curs de Arheologie &#8211; Limba Rom\u00e2n\u0103 Curs Epistola c\u0103tre Evrei &#8211; Limba Englez\u0103 &#8211; Zane Meyer Curs Teologie Sistematic\u0103: Duhul Sf\u00e2nt \u0219i Biserica &#8211; Limba Englez\u0103 &#8211; Jeff Benedict Curs Teologie Sistematic\u0103 Duhul Sf\u00e2nt \u0219i Pastorul &#8211; Limba Englez\u0103 &#8211; Jeff Benedict Introducere in Noul Testament &#8211; Matei Sergiu Introducere la Vechiul Testament &#8211; Dionisie &hellip; <a href=\"https:\/\/abifiladelfia-vl.org\/index.php\/cursuri-colegiu-outreach\/\" class=\"more-link\">Continu\u0103 s\u0103 cite\u0219ti <span class=\"screen-reader-text\">Cursuri Colegiu Outreach<\/span><\/a><\/p>\n","protected":false},"author":1,"featured_media":0,"parent":0,"menu_order":0,"comment_status":"closed","ping_status":"closed","template":"","meta":{"footnotes":""},"class_list":["post-565","page","type-page","status-publish","hentry"],"jetpack_sharing_enabled":true,"_links":{"self":[{"href":"https:\/\/abifiladelfia-vl.org\/index.php\/wp-json\/wp\/v2\/pages\/565","targetHints":{"allow":["GET"]}}],"collection":[{"href":"https:\/\/abifiladelfia-vl.org\/index.php\/wp-json\/wp\/v2\/pages"}],"about":[{"href":"https:\/\/abifiladelfia-vl.org\/index.php\/wp-json\/wp\/v2\/types\/page"}],"author":[{"embeddable":true,"href":"https:\/\/abifiladelfia-vl.org\/index.php\/wp-json\/wp\/v2\/users\/1"}],"replies":[{"embeddable":true,"href":"https:\/\/abifiladelfia-vl.org\/index.php\/wp-json\/wp\/v2\/comments?post=565"}],"version-history":[{"count":17,"href":"https:\/\/abifiladelfia-vl.org\/index.php\/wp-json\/wp\/v2\/pages\/565\/revisions"}],"predecessor-version":[{"id":870,"href":"https:\/\/abifiladelfia-vl.org\/index.php\/wp-json\/wp\/v2\/pages\/565\/revisions\/870"}],"wp:attachment":[{"href":"https:\/\/abifiladelfia-vl.org\/index.php\/wp-json\/wp\/v2\/media?parent=565"}],"curies":[{"name":"wp","href":"https:\/\/api.w.org\/{rel}","templated":true}]}}