{"id":1543,"date":"2021-01-10T15:01:56","date_gmt":"2021-01-10T13:01:56","guid":{"rendered":"http:\/\/abifiladelfia-vl.org\/?page_id=1543"},"modified":"2021-01-10T15:13:33","modified_gmt":"2021-01-10T13:13:33","slug":"marturisirea-de-credinta","status":"publish","type":"page","link":"https:\/\/abifiladelfia-vl.org\/index.php\/marturisirea-de-credinta\/","title":{"rendered":"M\u0103rturisirea de Credin\u021b\u0103"},"content":{"rendered":"<div class=\"entry-content\">\n<ul>\n<li><strong>\u00a0<\/strong><strong><u>Noi credem \u00een Sf\u00e2nta Scriptur\u0103<\/u><\/strong>\n<ul>\n<li>Noi credem \u00een Sf\u00e2nta Scriptur\u0103, accept\u00e2nd \u00een \u00eentregime scrierile Vechiului \u0219i Noului Testament ca fiind Cuv\u00e2ntul lui Dumnezeu, inerant (f\u0103r\u0103 gre\u0219al\u0103), insuflat \u00een toate p\u0103r\u021bile lui \u021bi de aceea, suficient pe deplin ca singura noastr\u0103 regul\u0103, infailibil\u0103 (care nu se schimb\u0103) \u0219i singura autoritate pentru credin\u021b\u0103 \u0219i practic\u0103. <strong>Sf\u00e2nta Scriptur\u0103 este standardul de conduit\u0103 (tr\u0103ire) a Bisericii Locale. <\/strong><em>*Ps. 119:160; Prov. 30:5a; I Tim. 3:14-15; II Tim.1:13; 3:16-17; I Petru 2:12; II Petru 1:19-21,.<\/em><\/li>\n<\/ul>\n<\/li>\n<\/ul>\n<ul>\n<li><strong><u>Noi credem \u00eentr-un singur Dumnezeu adev\u0103rat<\/u><\/strong>\n<ul>\n<li>Noi credem \u00eentr-un singur Dumnezeu adev\u0103rat: El este o Fiin\u021b\u0103 inteligent\u0103, suveran\u0103, spiritual\u0103 \u0219i personal\u0103; perfect\u0103, infinit\u0103 \u0219i ve\u0219nic\u0103 \u00een fiin\u021ba Sa; sfin\u021benie \u0219i dragoste, \u00een\u021belepciune \u0219i putere, absolut separat de lume \u0219i deasupra ei ca \u0219i Creator al acesteia \u0219i totu\u0219i prezent peste tot \u00een lume ca \u0219i sus\u021bin\u0103tor al tuturor lucrurilor (Transcendent &amp; Imanent). El este revelat ca Tat\u0103l, Fiul \u0219i Duhul Sf\u00e2nt, (F\u00e2nta Treime) trei persoane distincte, \u00eens\u0103 f\u0103r\u0103 o diviziune a naturii, esen\u021bei sau fiin\u021bei, fiecare av\u00e2nd o lucrare distinct\u0103 \u00een rela\u021bia lui Dumnezeu cu crea\u021bia Sa \u0219i poporul S\u0103u.<em> *Gen .1:1; Ex. 15:11; Ps.83:18; 139:7-9; Mat.28:19; Ioan 10:30;\u00a0\u00a0 FA 15:26; 17:24; Rom.1:19-20;\u00a0 Ef.4:6.<\/em><\/li>\n<\/ul>\n<\/li>\n<\/ul>\n<ul>\n<li><strong><u>Noi credem \u00een Domnul Isus Hristos<\/u><\/strong>\n<ul>\n<li>Noi credem \u00een Domnul Isus Hristos; El este a doua persoan\u0103 a Sfintei Treimi, Cuv\u00e2ntul etern \u0219i Singurul Fiu n\u0103scut din Tat\u0103l, f\u0103r\u0103 nici o schimbare \u00een persoana Sa divin\u0103, El s-a \u00eentrupat, devenind om prin minunea na\u0219terii din fecioar\u0103, astfel continu\u00e2nd s\u0103 fie pentru totdeauna at\u00e2t Dumnezeu adev\u0103rat c\u00e2t \u0219i om adev\u0103rat (I Tim.2:5). Ca om, El a fost ispitit \u00een toate ca \u0219i noi, dar nu a p\u0103c\u0103tuit; ca Miel des\u0103v\u00e2r\u0219it a lui Dumnezeu, El s-a dat pe Sine la moarte, v\u0103rs\u00e2ndu-\u0218i s\u00e2ngele pe cruce, purt\u00e2nd acolo p\u0103catul lumii \u0219i suferind \u00eentreaga pedeaps\u0103 a m\u00e2niei divine \u00een locul nostru; El a \u00eenviat \u00een trup de slav\u0103, ca Mare Preot s-a \u00een\u0103l\u021bat la cer, fiind Ap\u0103r\u0103torul \u0219i Mijlocitorul nostru la Dumnezeu; \u0219i va reveni \u00een trup pe norii cerului. <em>* Mat.1:18-25; Ioan 1:1,14;\u00a0 3:16; I Cor.15:3-7;Gal. 4:4-5; Filipeni 2:6-10; Evr. 4:14-16; I Ioan 2:1-2; 5:20.<\/em><\/li>\n<\/ul>\n<\/li>\n<\/ul>\n<ul>\n<li><strong><u>Noi credem \u00een Duhul Sf\u00e2nt<\/u><\/strong>\n<ul>\n<li>Noi credem \u00een Duhul Sf\u00e2nt; El este a treia persoan\u0103 a Sfintei Treimi, Agentul divin \u00een natur\u0103 , revela\u021bie \u0219i r\u0103scum\u0103rare; El convinge lumea cu privire la p\u0103cat, dreptate (neprih\u0103nire) \u0219i judecat\u0103; El na\u0219te din nou, locuie\u0219te, boteaz\u0103 pecetluie\u0219e \u0219i unge pe to\u021bi cei care devin copii ai lui Dumnezeu prin Domnul Isus Hristos; mai departe El \u00eemputernice\u0219te, c\u0103l\u0103uze\u0219te, \u00eenva\u021b\u0103, m\u00e2ng\u00e2ie, sfin\u021be\u0219te, d\u0103 daruri \u0219i umple credincio\u0219ii care se predau Lui. <em>*Ioan 3:5,14,16,17,26; 4:24; Rom 8:9; I Cor. 12:13; II Cor.3:17-18; Ef.1:13-14; 5:18; Evr.10:29.<\/em><\/li>\n<\/ul>\n<\/li>\n<\/ul>\n<ul>\n<li><span style=\"text-decoration: underline;\"><strong>Noi credem c\u0103 to\u021bi oamenii sunt p\u0103c\u0103to\u0219i \u0219i pierdu\u021bi prin natur\u0103 \u0219i voin\u021b\u0103 liber\u0103<\/strong><\/span>\n<ul>\n<li>Noi credem c\u0103 omul este creat de Dumnezeu dup\u0103 chipul, asem\u0103narea Sa: to\u021bi oamenii sunt p\u0103c\u0103to\u0219i \u0219i pierdu\u021bi prin natur\u0103 \u0219i voin\u021b\u0103 liber\u0103. Datorit\u0103 c\u0103derii prin neascultarea primului om, \u00eentreaga omenire a mo\u0219tenit p\u0103catul, at\u00e2t \u00een natur\u0103 c\u00e2t \u0219i \u00een practic\u0103, \u00eenstr\u0103in\u00e2ndu-se de Dumnezeu \u0219i ajung\u00e2nd sub m\u00e2nia \u0219i judecata Lui dreapt\u0103, neav\u00e2nd \u00een sine \u00eensu\u0219i nici un mijloc de salvare. <em>*Gen.1:27; 2:17; 3:6; I \u201cmp.8:46; Ps.51:5; Ecl.7:20; Rom.3:23; 5:12,19; 6:23; Gal 3:11; Iacov 1:15; I Ioan 1:8.<\/em><\/li>\n<\/ul>\n<\/li>\n<\/ul>\n<ul>\n<li><span style=\"text-decoration: underline;\"><strong>Noi credem c\u0103 m\u00e2ntuirea este darul lui Dumnezeu pentru om<\/strong><\/span>\n<ul>\n<li>M\u00e2ntuirea este darul nemeritat a lui Dumnezeu pentru omul p\u0103c\u0103tos, ea nu este posibil\u0103 f\u0103r\u0103 na\u0219terea din nou, care vine prin poc\u0103in\u021b\u0103 \u0219i credin\u021b\u0103\u00a0 personal\u0103 \u00een jertfa de la crucea Golgotei a Domnului Isus Hristos; prin urmare m\u00e2ntuirea vine prin har, prin credin\u021b\u0103, nici meritat\u0103, nici procurat\u0103 par\u021bial sau \u00een \u00eentregime prin vreo virtute sau lucrare uman\u0103. \u00cen ea to\u021bi adev\u0103ra\u021bii credincio\u0219i au ca posesiune prezent\u0103 darul vie\u021bii ve\u0219nice, o \u00eendrept\u0103\u021bire perfect justificat\u0103, \u00eenfierea \u00een familia lui Dumnezeu, eliberare \u0219i securitate fa\u021b\u0103 de orice condamnare, toate resursele spirituale necesare pentru via\u021b\u0103 \u0219i evlavie, \u0219i garan\u021bia divin\u0103 c\u0103 ei nu vor pierii niciodat\u0103; aceast\u0103 m\u00e2ntuire afecteaz\u0103 omul \u00een \u00eentregime. \u00cen afara Domnului Isus Hristos nu exist\u0103 m\u00e2ntuire posibil\u0103. <em>* Mat 3:2;\u00a0 4:17; 17:30; Ioan 1:12;\u00a0 3:3,5,7,14; 10:28-29; FA 2:38;\u00a0 4:12; Rom 5:18;\u00a0 8:1; II Cor 5:17; Ef.2:8-9; Filipeni 1:6; Tit 3:5;\u00a0 I Ioan 5:1.<\/em><\/li>\n<\/ul>\n<\/li>\n<\/ul>\n<ul>\n<li><span style=\"text-decoration: underline;\"><strong>Noi credem \u00een tr\u0103irea dreapt\u0103 \u0219i faptele evlavioase (conduita cre\u0219tin\u0103)<\/strong><\/span>\n<ul>\n<li>Noi credem \u00een tr\u0103irea dreapt\u0103 \u0219i faptele evlavioase; \u00een nici un sens ca mijloace ale m\u00e2ntuirii, ci ca dovad\u0103 \u0219i road\u0103 evident\u0103 a acesteia; de aceea ca \u0219i cre\u0219tini trebuie s\u0103 ascult\u0103m de Cuv\u00e2ntul Domnului nostru, s\u0103 c\u0103ut\u0103m lucrurile de sus, s\u0103 umbl\u0103m cum a umblat El, s\u0103 \u00eemplinim datoria \u0219i privilegiul ducerii Evangheliei unei lumi pierdute; deoarece o via\u021b\u0103 cre\u0219tin\u0103 victorioas\u0103 \u0219i roditoare este posibil\u0103 numai pentru aceia care se d\u0103ruiesc \u00een \u00eentregime Domnului Isus Hristos ca recuno\u0219tin\u021b\u0103 pentru infinitele \u0219i nemeritatele \u00eendur\u0103ri ale lui Dumnezeu. <strong>Faptele bune sunt o consecin\u021b\u0103, nu o condi\u021bie a m\u00e2ntuirii. <\/strong><em>* Rom 12:1-2; Ef.2:10;\u00a0 Filipeni 2:16; 4:8; Tit 3:8; I Petru 2:15.<\/em><\/li>\n<\/ul>\n<\/li>\n<\/ul>\n<ul>\n<li><strong><u>Noi credem \u00een existen\u021ba \u00eengerilor<\/u><\/strong>\n<ul>\n<li>Noi credem \u00een existen\u021ba \u00eengerilor buni \u0219i a \u00eengerilor r\u0103i: Ei sunt crea\u021bi de Dumnezeu, spirite, duhuri slujitoare.\n<ul>\n<li><strong><em><u>A &#8211; \u00ceNGERI BUNI<\/u>: <\/em><\/strong>Ei stau \u00eenaintea lui Dunezeu \u0219i I se \u00cenchin\u0103; \u0219i ap\u0103r\u0103 \u0219i \u00eencurajeaz\u0103 pe credincio\u0219i, transmit oamenilor voia lui Dumnezeu \u0219i duc la \u00eendeplinire judec\u0103\u021bile pronun\u021bate de El<em>.<\/em> <em>*Ps.34:7, 91:11; Mat.18:10; Evr.1:13-14; Apoc.1:1-2; 19:10.<\/em><\/li>\n<li><strong><em><u>B &#8211; \u00ceNGERI R\u0102I<\/u>: <\/em><\/strong>Ei sunt fiin\u021be spirituale, alungate din prezen\u021ba lui Dumnezeu \u00eempreun\u0103 cu Satan, \u0219i sunt destinate focului ve\u0219nic; se subordoneaz\u0103 Diavolului ( Satan) \u0219i se opun voii lui Dumnezeu. \u00a0<em> *Mat.25:41; Apoc. 12:19.<\/em><\/li>\n<li><strong><em><u>SATAN (Diavolul<\/u>): <\/em><\/strong>Noi credem \u00een existen\u021ba lui Satan: El a fost creat ca fiin\u021b\u0103 sf\u00e2nt\u0103 \u0219i perfect\u0103, dar prin m\u00e2ndrie \u0219i ambi\u021bie r\u0103ut\u0103cioas\u0103 s-a r\u0103zvr\u0103tit \u00eempotriva lui Dumnezeu, astfel devenind complet depravat \u00een caracter, marele du\u0219man a lui Dumnezeu \u0219i al poporului S\u0103u, conduc\u0103torul tuturor celorlal\u021bi \u00eengeri r\u0103i \u0219i spirite rele, am\u0103gitorul \u0219i dumnezeul acestei lumi prezente; puterile sale sunt vaste, dar strict limitate de voia permisiv\u0103 a lui Dumnezeu, care st\u0103p\u00e2ne\u0219te peste toate planurile rele spre bine; El a fost \u00eenfr\u00e2nt \u0219i judecat la cruce \u0219i de aceea os\u00e2nda lui etern\u0103 este sigur\u0103. Noi putem s\u0103 ne \u00eempotrivim lui \u0219i s\u0103-l biruim numai \u00een armura lui Dumnezeu, prin s\u00e2ngele Mielului \u0219i prin puterea Duhului Sf\u00e2nt. <em>*Isaia 14:12-15; Ezechiel 28:11-19; Mat.13:41; Ef.6:12; I Petru 5:8; I Ioan 3:8; Apoc.12:9-11; 20:10.<\/em><\/li>\n<\/ul>\n<\/li>\n<\/ul>\n<\/li>\n<\/ul>\n<ul>\n<li><strong><u>Noi credem \u00een a doua venire a Domnului Isus Hristos<\/u><\/strong>\n<ul>\n<li>Noi credem \u00een a doua venire a Domnului Isus Hristos; venirea Sa \u00een v\u0103zduh pentru r\u0103pirea Bisericii Sale, care este n\u0103dejdea noastr\u0103 binecuv\u00e2ntat\u0103, este \u00eentotdeauna iminent\u0103; dup\u0103 ce \u00ce\u0219i va lua de pe p\u0103m\u00e2nt Biserica Sa care a\u0219teapt\u0103, \u00eent\u00e2i prin \u00eenvierea mor\u021bilor \u0219i apoi luarea celor vii, va rev\u0103rsa asupra p\u0103m\u00eentului judec\u0103\u021bile drepte ale lui Dumnezeu peste lumea necredincioas\u0103, apoi va reveni cu Biserica Sa \u0219i va a\u0219eza \u00cemp\u0103r\u0103\u021bia Sa glorioas\u0103 \u0219i literal\u0103 asupra tuturor na\u021biunilor, pentru o mie de ani. <em>*I Tes.4:13-18; Iacov 5:8; Evrei 10:37; Iuda 14-15; Apoc.19:11-16; 20:4-7.<\/em><\/li>\n<\/ul>\n<\/li>\n<\/ul>\n<ul>\n<li><span style=\"text-decoration: underline;\"><strong>Noi credem \u00een via\u021ba viitoare, \u00eenvierea \u00een trup \u0219i judecata etern\u0103<\/strong><\/span>\n<ul>\n<li>Duhurile celor <strong>m\u00e2ntui\u021bi<\/strong>, la moarte merg imediat pentru a fi cu Domnul Isus Hristos \u00een cer, faptele lor vor fi aduse \u00eenintea scaunului de judecat\u0103 a Domnului Isus Hristos pentru determinarea r\u0103spl\u0103tirilor, aceasta av\u00e2nd loc atunci c\u00e2nd Domnul Isus Hristos va veni dup\u0103 ai S\u0103i;<\/li>\n<li>duhurile celor <strong>nem\u00e2ntui\u021bi<\/strong>, la moarte merg imediat \u00een locuin\u021ba mor\u021bilor (hades), unde sunt \u021binute sub pedeaps\u0103 p\u00e2n\u0103 la ziua final\u0103 a judec\u0103\u021bii, c\u00e2nd trupurile lor vor fi \u00eenviate din morm\u00e2nt; ei vor fi judeca\u021bi \u0219i arunca\u021bi \u00een iad, locul pedepsei finale i ve\u0219nice.<em>*Mat.25:34,46; 27:51-53; Luca 16:19-23; Ioan 5:28-29; I Cor.3:12-15; cap. 15, IICor 5:8-10; Apoc. 20:11-15.<\/em><\/li>\n<\/ul>\n<\/li>\n<\/ul>\n<ul>\n<li>\u00a0<strong><u>Noi credem \u00een separarea \u00eentre Biseric\u0103 \u0219i stat<\/u><\/strong>\n<ul>\n<li>Noi credem \u00een separarea \u00eentre Biseric\u0103 \u0219i stat, fiecare av\u00e2nd sfere de responsabilitate diferite \u0219i distincte. Biserica este liber\u0103 \u0219i autonom\u0103 fa\u021b\u0103 de stat. <em>*Mat.22:21; Rom 13:1-7.<\/em><\/li>\n<\/ul>\n<\/li>\n<\/ul>\n<ul>\n<li><strong><u>Noi credem \u00een preo\u021bia tuturor credincio\u0219ilor<\/u><\/strong>\n<ul>\n<li>Noi credem \u00een preo\u021bia tuturor credincio\u0219ilor: Domnul Hristos este Marele nostru Preot, \u0219i prin El , fiecare persoan\u0103 n\u0103scut\u0103 din nou are acces direct la Dumnezeu , av\u00e2nd oportunitatea de a face cereri, mul\u021bumiri, mijlociri f\u0103r\u0103 necesitatea unui mijlocitor uman (preot), credinciosul are dreptul \u0219i datoria de a studia \u0219i interpreta Scripturile personal, c\u0103l\u0103uzit de Duhul Sf\u00e2nt. <em>*Ioan 14:6; I Tim.2:1-5; II Tim.2:15; Evr.4:16; I Petru 2:5,9; I Ioan 2:1; Apoc.1:5-6.<\/em><\/li>\n<\/ul>\n<\/li>\n<\/ul>\n<ul>\n<li><strong><u>Noi credem \u00een institu\u021bia c\u0103sniciei<\/u><\/strong>\n<ul>\n<li>Noi credem \u00een institu\u021bia c\u0103sniciei a\u0219a cum este definit\u0103 de Scripturi; Aceasta a fost stabilit\u0103 \u00een mod divin la \u00eenceput ca unirea prin c\u0103s\u0103torie a unui b\u0103rbat cu o femeie, \u00een Domnul,p\u00e2n\u0103 la moarte. Familia este institu\u021bia de baz\u0103 a Bisericii \u0219i societ\u0103\u021bii; fiecare\u00a0 membru al familiei, so\u021b, so\u021bie sau copil, are datorii \u0219i responsabilit\u0103\u021bi distincte:Este responsabilitatea p\u0103rin\u021bilor de a-\u0219i cre\u0219te copiii \u00een \u00eenv\u0103\u021b\u0103tura \u0219i sfatul Domnului \u0219i de a le pune la dispozi\u021bie instruire cre\u0219tin\u0103 prin model cre\u0219tin \u0219i educa\u021bie general\u0103. Copiii au datoria s\u0103-\u0219i respecte p\u0103rin\u021bii. <strong>Noi credem c\u0103 Biblia se pronun\u021b\u0103 \u00eempotriva divor\u021bului. <\/strong><em>*Gen.2:18-25; 3:16; 18:19; Deutr.6:4-9; 32:46; Ps.78:5-6; 127:1-5; Prov.3:12; 13:24; 22:6; Isaia 28:9-10; Maleahi 2:16; Matei 19:3-9; I Cor.7:10-11, Ef.5:21-33; 6:1-4; Col 3:18-21.<\/em><\/li>\n<\/ul>\n<\/li>\n<\/ul>\n<ul>\n<li><strong><u>Noi credem \u00een importan\u021ba Bisericii Locale<\/u><\/strong>\n<ul>\n<li>Noi credem \u00een importan\u021ba Bisericii Locale: Biserica lui Hristos se organizeaz\u0103 \u0219i identific\u0103 \u00een biserici locale. O Biseric\u0103 nou-testamental\u0103 este o adunare local\u0103 a credincio\u0219ilor n\u0103scu\u021bi din nou, boteza\u021bi, uni\u021bi voluntar \u0219i organiza\u021bi pentru a practica Cina Domnului \u0219i Botezul nou-testamental, pentru \u00eenchinare, rug\u0103ciune, p\u0103rt\u0103\u0219ie, \u00eenv\u0103\u021b\u0103tur\u0103 \u0219i o m\u0103rturie unitar\u0103, \u0219i pentru angajarea\u00a0 activ\u0103 \u00een \u00eendeplinirea Marii \u00cens\u0103rcin\u0103ri. <em>*Matei 28:19-20; FA 2:14-42; Rom. 16:16; I Cor. 11:2; II Cor. 1:1; Apoc. 1:4.<\/em><\/li>\n<\/ul>\n<\/li>\n<\/ul>\n<ul>\n<li><strong><u>Noi credem \u00een independen\u021ba \u0219i autonomia Bisericii Locale<\/u><\/strong>\n<ul>\n<li>Noi credem \u00een independen\u021ba \u0219i autonomia Bisericii Locale; fiecare biseric\u0103 nou-testamental\u0103, local\u0103 se organizeaz\u0103, se conduce \u0219i ia decizii f\u0103r\u0103 nici o interferen\u021b\u0103 ecleziastic\u0103 \u0219i este liber\u0103 s\u0103 coopereze cu alte biserici nou-testamentale a\u0219a cum o c\u0103l\u0103uze\u0219te Duhul Sf\u00e2nt. Biserica Local\u0103 are responsabilitatea de a urma modelul Bisericii Apostolice din Noul Testament \u0219i este direct r\u0103spunz\u0103toare \u00eenaintea lui Dumnezeu. Ea este independent\u0103 de orice structuri ierarhice omene\u0219ti, dar invariabil dependent\u0103 de Domnul Isus Hristos-Capul Bisericii. <em>*Mat.18:17,20; FA 6:1-5; 8:1; 13:1-3; 15:22-23; Gal.1:22; 1Petru 5:2-3<\/em><\/li>\n<\/ul>\n<\/li>\n<\/ul>\n<ul>\n<li><span style=\"text-decoration: underline;\"><strong>Noi credem \u00een ordonan\u021bele Bisericii Locale, Botezul \u0219i Cina Domnului<\/strong><\/span>\n<ul>\n<li>Noi credem c\u0103 Bisericii Locale \u00eei sunt date \u00een mod deosebit dou\u0103 r\u00e2nduieli: Botezul \u0219i Cina Domnului.\n<ul>\n<li><strong>Botezul<\/strong> <strong>\u00een ap\u0103<\/strong> se face prin cufundare \u0219i se aplic\u0103 o singurq dat\u0103 persoanelor care vin la poc\u0103in\u021b\u0103 \u0219i credin\u021b\u0103, simboliz\u00e2nd astfel moartea, \u00eengroparea \u0219i \u00eenvierea \u00eempreun\u0103 cu Domnul Isus Hristos; botezul nou-testamental este o m\u0103rturie \u0219i un leg\u0103m\u00e2nt al credinciosului cu Domnul Isus Hristos \u0219i se face \u00een Numele Tat\u0103lui, a Fiului \u0219i a Sf\u00e2ntului Duh.<\/li>\n<li><strong>Cina Domnului<\/strong> este \u00eemp\u0103rt\u0103\u0219irea p\u00e2inii \u0219i a rodului vi\u021bei de c\u0103tre credincios ca o comemorare continu\u0103 a trupului fr\u00e2nt \u0219i a s\u00e2ngelui v\u0103rsat al\u00a0 Domnului Isus Hristos. La Cina Domnului pot participa to\u021bi credincio\u0219ii n\u0103scu\u021bi din nou, care au m\u0103rturisit pe Domnul Isus \u00een apa botezului \u0219i sunt \u00een bun\u0103 r\u00e2nduial\u0103 cu Dumnezeu \u0219i cu semenii lor. Cina Domnului se practic\u0103 ori de c\u00e2te ori hot\u0103re\u0219te Biserica Local\u0103.<\/li>\n<\/ul>\n<\/li>\n<li><strong>Botezul<\/strong> \u0219i <strong>Cina Domnului<\/strong> sunt simboluri \u0219i nu au putere de m\u00e2ntuire \u00een sine. <em>*Mat 3:14-17; 26:26-30; 28:19-20; FA 2:41; 8:38-39; I Cor. 11: 23-34; I Petru 3:21.<\/em><\/li>\n<\/ul>\n<\/li>\n<\/ul>\n<ul>\n<li><strong><u>Noi credem \u00een dou\u0103 slujbe \u00een cadrul Bisericii Locale<\/u><\/strong>\n<ul>\n<li>Noi credem \u00een dou\u0103 slujbe\u00a0 practicate \u00een Biserica Domnului Isus Hristos:\n<ul>\n<li>slujba spiritual\u0103, a prezbiterilor (evangheli\u0219ti, p\u0103stori, \u00eenv\u0103\u021b\u0103tori),<\/li>\n<li>slujba administrativ\u0103, a diaconilor (casieri, secretari, administratori,etc.)<\/li>\n<\/ul>\n<\/li>\n<li>Cele dou\u0103 slujbe sunt \u00eencredin\u021bate acelor credincio\u0219i care se calific\u0103 conform\u00a0 Sfintelor Scripturi. Intrarea \u00een slujb\u0103 se face\u00a0 printr-un serviciu special \u00een cadrul Bisericii Locale \u0219i implic\u0103:\n<ul>\n<li>Chemarea din partea Domnului,<\/li>\n<li>Ungerea Duhului Sf\u00e2nt,<\/li>\n<li>Confirmarea Bisericii Locale. <em>*Matei 4:18-22; Lc.5:27-28; FA 6:1-7; 14:23; 20:17;\u00a0 Filipeni1:1; I Tim 3:1-13; 5:17; Tit 1:5-9; I Petru 5:1-4<\/em><\/li>\n<\/ul>\n<\/li>\n<\/ul>\n<\/li>\n<\/ul>\n<ul>\n<li><span style=\"text-decoration: underline;\"><strong>Noi credem c\u0103 (Duminica) \u00eent\u00e2ia zi a s\u0103pt\u0103m\u00e2nii este ziua de \u00eenchinare a Bisericii<\/strong><\/span>\n<ul>\n<li>Noi credem c\u0103 ziua de \u00eenchinare, conform Noului Testament este ziua \u00eent\u00e2i a s\u0103pt\u0103m\u00e2nii (Duminica), reprezent\u00e2nd o r\u00e2nduial\u0103 nou\u0103 spre deosebire de \u00eenv\u0103\u021b\u0103tura veche a religiei mozaice c\u00e2nd se \u021binea ziua a \u0219aptea (Sabatul). Ziua \u00cent\u00e2ia este confin\u021bit\u0103 prin \u00eenvierea din mor\u021bi a Domnului Isus Hristos \u0219i prin trimiterea Duhului Sf\u00e2nt peste Biseric\u00e2 la Rusalii. Primii cre\u0219tini se adunau pentru \u00eenchinare \u00een prima zi a s\u0103pt\u0103m\u00e2nii (Duminica) \u0219i aceasta a intrat \u00een practica Bisericii Nou-testamentale. *Lev.23:15-16; Mc.16:9; Lc.24:1-6; Ioan 20:1; FA 2:1-4; 20:7; I Cor.16:2; Evr.7:12; Apoc.1:10.<\/li>\n<\/ul>\n<\/li>\n<\/ul>\n<ul>\n<li><strong><u>Noi credem \u00een practica d\u0103rniciei<\/u><\/strong>\n<ul>\n<li>Noi credem c\u0103, \u00een conformitate cu \u00eenv\u0103\u021b\u0103tura Sfintei scripturi, cei credincio\u0219i au oportunitatea \u0219i datoria s\u0103 contribuie material \u00een trei feluri:\n<ul>\n<li><strong>ZECIUIAL\u0102:<\/strong> <em>Maleahi 3:10; Mat.23:23; Lc.11:42<\/em><\/li>\n<li><strong>D\u0102RNICIE:<\/strong> <em>Prov.3:9; IICor.9:7-7-8.<\/em><\/li>\n<li><strong>MILOSTENIE:<\/strong> <em>Mat.26:11; 25:40; Rom 12:8.<\/em><\/li>\n<\/ul>\n<\/li>\n<\/ul>\n<\/li>\n<\/ul>\n<ul>\n<li><strong><u>Noi credem \u00een practica disciplinei biserice\u0219ti<\/u><\/strong>\n<ul>\n<li>Noi credem c\u0103 Biserica are responsabilitatea de a veghea asupra bunei r\u00e2nduieli interioare, prin practicarea disciplinei asupra membrilor ei. Disciplina const\u0103 \u00een : sf\u0103tuire, mustrare, retragerea drepturilor \u0219i p\u00e2n\u0103 la excluderea din Biseric\u0103. <em>*Matei 18:15-17; I Cor.5:11-13; Gal.6:1; II Tes.3:6; II Tim. 2:24-25; Tit 3:10. <\/em>===================================================================<\/li>\n<\/ul>\n<\/li>\n<\/ul>\n<\/div>\n ","protected":false},"excerpt":{"rendered":"<p>\u00a0Noi credem \u00een Sf\u00e2nta Scriptur\u0103 Noi credem \u00een Sf\u00e2nta Scriptur\u0103, accept\u00e2nd \u00een \u00eentregime scrierile Vechiului \u0219i Noului Testament ca fiind Cuv\u00e2ntul lui Dumnezeu, inerant (f\u0103r\u0103 gre\u0219al\u0103), insuflat \u00een toate p\u0103r\u021bile lui \u021bi de aceea, suficient pe deplin ca singura noastr\u0103 regul\u0103, infailibil\u0103 (care nu se schimb\u0103) \u0219i singura autoritate pentru credin\u021b\u0103 \u0219i practic\u0103. Sf\u00e2nta Scriptur\u0103 &hellip; <a href=\"https:\/\/abifiladelfia-vl.org\/index.php\/marturisirea-de-credinta\/\" class=\"more-link\">Continu\u0103 s\u0103 cite\u0219ti <span class=\"screen-reader-text\">M\u0103rturisirea de Credin\u021b\u0103<\/span><\/a><\/p>\n","protected":false},"author":1,"featured_media":0,"parent":0,"menu_order":0,"comment_status":"closed","ping_status":"closed","template":"","meta":{"footnotes":""},"class_list":["post-1543","page","type-page","status-publish","hentry"],"jetpack_sharing_enabled":true,"_links":{"self":[{"href":"https:\/\/abifiladelfia-vl.org\/index.php\/wp-json\/wp\/v2\/pages\/1543","targetHints":{"allow":["GET"]}}],"collection":[{"href":"https:\/\/abifiladelfia-vl.org\/index.php\/wp-json\/wp\/v2\/pages"}],"about":[{"href":"https:\/\/abifiladelfia-vl.org\/index.php\/wp-json\/wp\/v2\/types\/page"}],"author":[{"embeddable":true,"href":"https:\/\/abifiladelfia-vl.org\/index.php\/wp-json\/wp\/v2\/users\/1"}],"replies":[{"embeddable":true,"href":"https:\/\/abifiladelfia-vl.org\/index.php\/wp-json\/wp\/v2\/comments?post=1543"}],"version-history":[{"count":4,"href":"https:\/\/abifiladelfia-vl.org\/index.php\/wp-json\/wp\/v2\/pages\/1543\/revisions"}],"predecessor-version":[{"id":1550,"href":"https:\/\/abifiladelfia-vl.org\/index.php\/wp-json\/wp\/v2\/pages\/1543\/revisions\/1550"}],"wp:attachment":[{"href":"https:\/\/abifiladelfia-vl.org\/index.php\/wp-json\/wp\/v2\/media?parent=1543"}],"curies":[{"name":"wp","href":"https:\/\/api.w.org\/{rel}","templated":true}]}}