{"id":1534,"date":"2021-01-10T14:26:06","date_gmt":"2021-01-10T12:26:06","guid":{"rendered":"http:\/\/abifiladelfia-vl.org\/?page_id=1534"},"modified":"2021-01-10T14:39:02","modified_gmt":"2021-01-10T12:39:02","slug":"statutul-bisericii-baptiste-independente-filadelfia-rm-valcea","status":"publish","type":"page","link":"https:\/\/abifiladelfia-vl.org\/index.php\/statutul-bisericii-baptiste-independente-filadelfia-rm-valcea\/","title":{"rendered":"Statutul Bisericii Baptiste Independente \u201cFILADELFIA\u201d Rm-V\u00e2lcea"},"content":{"rendered":"<h3 style=\"text-align: center;\"><em><strong>DISPOZI\u021aII GENERALE<\/strong><\/em><\/h3>\n<p style=\"text-align: center;\">\u00a0\u00a0\u00a0\u00a0\u00a0\u00a0\u00a0\u00a0\u00a0\u00a0\u00a0\u00a0 Noi credem c\u0103 Biserica Local\u0103 este un trup al c\u0103rui cap este Domnul Isus Hristos. Ea se \u00eentemeiaz\u0103 numai pe baza \u00eenv\u0103\u021b\u0103turii Sfintelor Scripturi, se guverneaz\u0103 singur\u0103, c\u0103l\u0103uzit\u0103 de Duhul Sf\u00e2nt, trebuind s\u0103 fac\u0103 toate lucrurile \u00een decen\u021b\u0103 \u0219i r\u00e2nduial\u0103.<\/p>\n<p style=\"text-align: center;\"><strong>\u00a0\u00a0\u00a0\u00a0\u00a0\u00a0\u00a0\u00a0\u00a0\u00a0\u00a0\u00a0<\/strong>Biserica Local\u0103 este liber\u0103 (autonom\u0103) fa\u021b\u0103 de stat \u0219i fa\u021b\u0103 de orice alte organiza\u021bii \u0219i structuri laice \u0219i eclesiale. Principiile de credin\u021b\u0103 ale Bisericii sunt cele cuprinse \u00een M\u0103rturisirea de Credin\u021b\u0103 anexat\u0103.<\/p>\n<p style=\"text-align: center;\">\u00a0\u00a0\u00a0\u00a0\u00a0\u00a0\u00a0\u00a0\u00a0\u00a0\u00a0 Pentru ca membrii ei s\u0103 poat\u0103 \u00een\u021belege mai bine drepturile, \u00eendatoririle \u0219i responsabilit\u0103\u021bile ce le revin, afirm\u0103m \u00een scris r\u00e2nduiala conducerii \u0219i organiz\u0103rii Bisericii, crez\u00e2nd c\u0103 aceasta va promova armonia \u0219i buna \u00een\u021belegere.<\/p>\n<p style=\"text-align: center;\"><strong>\u00a0\u00a0\u00a0\u00a0\u00a0\u00a0\u00a0\u00a0\u00a0\u00a0\u00a0\u00a0<\/strong><strong>\u00cen consecin\u021b\u0103 am adoptat prezentul statut:<\/strong><\/p>\n<h3><em><strong>ARTICOLUL\u00a0\u00a0 I: <\/strong><strong>DENUMIREA<\/strong><\/em><\/h3>\n<p>Numele acestei Biserici va fi:<strong> Biserica Cre\u0219tin\u0103 Baptist\u0103 Independent\u0103 \u201cFILADELFIA\u201d <\/strong>Rm-V\u00e2lcea.<\/p>\n<p>Adresa po\u0219tal\u0103 a Bisericii este: <strong>loc. Rm-V\u00e2lcea, str. G-ral Praporgescu, 13-15, <\/strong><strong>jud. V\u00e2lcea.<\/strong><\/p>\n<h3><strong>ARTICOLUL\u00a0\u00a0 II:<\/strong><strong>\u00a0<\/strong><strong>SCOPUL<\/strong><\/h3>\n<p><strong><em>Sec\u021biunea\u00a0 1- Afirmarea scopului:<\/em><\/strong><\/p>\n<p>Scopul acestei Biserici Locale va fi:<\/p>\n<ol>\n<li>Angajarea activ\u0103 \u00een \u00eendeplinirea Marii Trimiteri, a\u0219a cum a fost ea dat\u0103 de Domnul nostru \u00een Matei 28: 19-20<\/li>\n<li>Adunarea laolalt\u0103 pentru \u00eenchinare, laud\u0103 la adresa lui Dumnezeu, p\u0103rt\u0103\u0219ie, \u00eenv\u0103\u021b\u0103tur\u0103, zidire sufleteasc\u0103 \u0219i o m\u0103rturie unitar\u0103 a credin\u021bei.<\/li>\n<li>Practicarea ordonan\u021belor Noului Testament: <strong>Botezul \u0219i Cina Domnului.<\/strong><\/li>\n<\/ol>\n<p><strong><em>Sec\u021biune\u00a0 2- Mijloacele promov\u0103rii scopului:<\/em><\/strong><\/p>\n<p>Pentru a promova \u0219i a \u00eendeplini scopul de mai sus, aceast\u0103 Biseric\u0103 se va implica \u00een activit\u0103\u021bi \u0219i va conduce lucr\u0103ri care pot include, dar nu sunt limitate la: servicii de \u00eenchinare, servicii de evanghelizare, plant\u0103ri de Biserici, \u00eent\u00e2lniri de rug\u0103ciune, activit\u0103\u021bi de tineret, lucr\u0103ri de tab\u0103r\u0103 \u0219i recreere, progarme radio \u0219i televiziune, o \u0219coal\u0103 de zi primar\u0103 \u0219i gimnazial\u0103, \u0219coal\u0103 dumunical\u0103, un centru de \u00eengrijire de peste zi pentru copii, o lucrare cu mijloace de transport, activit\u0103\u021bi misionare, tip\u0103rirea \u0219i distribuirea de materiale cre\u0219tine, o lucrare de tip azil, cantin\u0103 social\u0103, un institut biblic, un colegiu \u0219i\/ sau un seminar. Aceste \u00a0lucr\u0103ri nu vor fi considerate ca entit\u0103\u021bi separate, ci ca p\u0103r\u021bi integrante \u00een lucrarea general\u0103 a Bisericii. Finan\u021barea activit\u0103\u021bilor Bisericii se va face prin: <strong>zeciuial\u0103, d\u0103rnicie, dona\u021bii \u0219i sponsoriz\u0103ri.<\/strong><\/p>\n<h3><strong>ARTICOLUL\u00a0\u00a0 III:\u00a0<\/strong><strong>MEMBRALITATEA<\/strong><\/h3>\n<p>Membralitatea \u00een aceast\u0103 Biseric\u0103 va fi limitat\u0103 la acele persoane care l-au acceptat pe Domnul Isus Hristos ca M\u00e2ntuitorul lor personal, din convingere \u0219i libera lor voin\u021b\u0103, primind credin\u021ba \u0219i botezul \u00een Numele Tat\u0103lui \u0219i al Fiului \u0219i al Sf\u00e2nului Duh (prin cufundare), f\u0103r\u0103 deosebire de sex \u0219i na\u021bionalitate.<\/p>\n<p><strong><em>Sec\u021biunea\u00a0 1 &#8211; Primirea membrilor<\/em><\/strong><\/p>\n<p>Primirea membrilor \u00een p\u0103rt\u0103\u0219ia Bisericii se face pe baza majorit\u0103\u021bii votului, \u00een orice \u00eent\u00e2lnire a ei. Aceasta poate avea loc prin:<\/p>\n<ol>\n<li><strong><em>BOTEZ \u2013 <\/em><\/strong>O persoan\u0103 care L-a m\u0103turisit pe Domnul Isus Hristos ca M\u00e2ntuitor \u0219i Domn, \u0219i care este de acord cu crezul Bisericii Locale, poate fi acceptat\u0103 \u00een membralitate pe baza botezului scriptural, \u00een urma catichezei.<\/li>\n<li><strong><em>SCRISOARE \u2013 <\/em><\/strong>Pot fi primi\u021bi membrii pe baza unei scrisori de recomandare din partea unei biserici cu aceea\u0219i doctrin\u0103 \u0219i practic\u0103.<\/li>\n<li><strong><em>DECLARA\u021aIE \u2013 <\/em><\/strong>O persoan\u0103 care d\u0103 dovad\u0103 verbal\u0103 a recunoa\u0219terii Domnului Isus Hristos ca M\u00e2ntuitor \u0219i a faptului c\u0103 a fost botezat\u0103 scriptural \u00eentr-o biseric\u0103 cu aceea\u0219i doctrin\u0103 \u0219i practic\u0103, poate fi primit\u0103 \u00een membralitate.<\/li>\n<li><strong><em>REABILITARE \u2013 <\/em><\/strong>Un membru exclus poate fi reabilitat pe baza m\u0103rturisirii gre\u0219elii \u0219i a dovedirii poc\u0103in\u021bei.<\/li>\n<li><strong><em>ADERARE \u2013 <\/em><\/strong>O persoan\u0103 care d\u0103 dovad\u0103 verbal\u0103 a recunoa\u0219terii Domnului Isus Hristos ca M\u00e2ntuitor, a faptului c\u0103 a fost botezat\u0103 scriptural \u0219i accept\u0103 crezul Bisericii, poate fi acceptat\u0103 \u00een membralitate chiar dac\u0103 provine dintr-un mediu doctrinar \u0219i practic diferit.<\/li>\n<\/ol>\n<p><strong><em>Sec\u021biunea\u00a0 2 &#8211; Pierderea membralit\u0103\u021bii:<\/em><\/strong><\/p>\n<ol>\n<li><strong><em>MOARTE<\/em><\/strong><\/li>\n<li><strong><em>TRANSFER\u00a0<\/em><\/strong><strong>&#8211; <\/strong>La cererea unui membru, care din motive obiective \u0219i sincere, (constatate de c\u0103tre pastor \u0219i diaconi), inten\u021bioneaz\u0103 s\u0103 se transfere \u00eentr-o alt\u0103 Biseric\u0103, cu aceea\u0219i doctrin\u0103 \u0219i practic\u0103, se poate elibera o scrisoare pe baza c\u0103reia, acesta s\u0103 fie primit \u00een noua p\u0103rt\u0103\u0219ie fireasc\u0103.<\/li>\n<li><strong><em>DISCIPLIN\u0102<\/em><\/strong>\n<ol>\n<li>Pot fi aduse acuza\u021bii \u00eempotriva oric\u0103rui membru al acestei Biserici atunci c\u00e2nd exist\u0103 dovezi care arat\u0103 c\u0103 acel membru este vinovat de propagarea de doctrine care \u00eencalc\u0103 crezul Bisericii, de conduit\u0103 contrar\u0103 principiilor \u0219i deciziilor acestei Biserici, sau orice ac\u021biune sau convingere care nu este \u00een acord cu \u00eenv\u0103\u021b\u0103turile Sfintei Scripturi. Astfel de acuza\u021bii trebuie aduse \u00eenaintea p\u0103storului \u0219i a diaconilor, \u00eentr-un spirit de preocupare iubitoare. Apoi p\u0103storul \u0219i diaconii vor face o investiga\u021bie complet\u0103 a acuza\u021biilor. Dac\u0103 acuza\u021biile sunt dovedite se va depune orice efort posibil pentru ca, \u00een concordan\u021b\u0103 cu Scripturile, s\u0103 se rezolve problema, iar acuzatul s\u0103 fie reabilitat \u00een deplin\u0103tatea p\u0103rt\u0103\u0219iei. (Matei 18:15-17; Rom 16:17; I Cor.5:1-13; II Cor.2:6-11; 6:14-15; Galateni 6:1; I Tesaloniceni 5:14; II Tesaloniceni 3:6-15; I Timotei 5:19-22; 6:3-5; Tit 3:10; etc.)<\/li>\n<li>Biserica poate anula membralitatea unei persoane, numai dup\u0103 ce eforturile pastorului \u0219i al diaconilor de reabilitare au e\u0219uat, \u0219i dup\u0103 ce s-a dat un anun\u021b cu privire la o oportunitate de a fi ascultat\u0103 persoana \u00een cauz\u0103, de c\u0103tre p\u0103stor \u0219i diaconi. Dac\u0103 pe baza acestei \u00eent\u00e2lniri pastorul \u0219i diaconii sunt de acord prin majoritate de voturi, se recomand\u0103 Bisericii excluderea membrului, iar acuzatul va fi anun\u021bat de aceast\u0103 ac\u021biune \u00een cadrul unui serviciu al Bisericii. Excluderea se va face prin votul majorit\u0103\u021bii membrilor \u00een bun\u0103 r\u00e2nduial\u0103, prezen\u021bi la adunarea general\u0103 a Bisericii.<\/li>\n<li>Un membru acuzat oficial, \u00een cadrul Bisericii de c\u0103tre p\u0103stor \u0219i diaconi este automat eliberat din orice func\u021bie, slujb\u0103 sau pozi\u021bie. El nu poate vorbi \u00een adun\u0103rile generale \u0219i nu are drept de vot.<\/li>\n<li>Orice membru exclus poate fi reprimit ca membru\u00a0 numai dup\u0103 dovedirea poc\u0103in\u021bei sincere \u0219i m\u0103rturisirea public\u0103 a p\u0103catului (p\u0103catelor) \u00een prezen\u021ba Bisericii \u0219i respect\u00e2nd-se procedura accept\u0103rii de membrii prin restaurare.<\/li>\n<\/ol>\n<\/li>\n<li><strong><em>INACTIVITATE<\/em><\/strong>\n<ol>\n<li>Orice membru care a lipsit de la serviciile obi\u0219nuite de \u00eenchinare ale Bisericii pentru o perioad\u0103 de trei (3) luni sau mai mult, f\u0103r\u0103 a se considera c\u0103 a fost \u00eempiedicat providen\u021bial, va fi trecut \u00een registru inactiv f\u0103r\u0103 drept de vot.<\/li>\n<li>Un membru vinovat de obiceiul de a absenta de la serviciile Bisericii pe perioade lungi, nejustificate, acumul\u00e2nd nou\u0103 (9) sau mai multe luni, \u00ee\u0219i suspend\u0103 singur, automat membralitatea din Biseric\u0103.<\/li>\n<li>Trecerea unor persoane din registrul activ \u00een cel inactiv \u0219i viceversa \u00een cazul reabilit\u0103rii, intr\u0103 \u00een responsabilitatea pastorului \u0219i a diaconilor.<\/li>\n<\/ol>\n<\/li>\n<\/ol>\n<h3><strong>ARTICOLUL\u00a0\u00a0 IV<\/strong><\/h3>\n<p><strong>SLUJITORII BISERICII: <\/strong><em><strong>SLUJBE DUHOVNICE\u0218TI<\/strong><\/em><\/p>\n<p><strong><em>Sec\u021biunea\u00a0 I &#8211; Pastorul<\/em><\/strong><\/p>\n<ol>\n<li><strong>Calific\u0103ri \u0219i \u00eendatoriri:<\/strong>\n<ol>\n<li>Pastorul trebuie s\u0103 se califice conform celor afirmate \u00een I Timotei 3:1-7 \u0219i Tit 1:5-9.<\/li>\n<li>Pastorul este responsabil pentru conducerea spiritual\u0103 a Bisericii.\u00a0El trebuie s\u0103-\u0219i \u00eendeplineasc\u0103 obliga\u021biile biblice ca pastor, episcop \u0219i b\u0103tr\u00e2n al Bisericii (I Petru 5:1-4). El va planifica \u00eenchinarea, predarea, serviciile de evanghelizare \u0219i rug\u0103ciune ale Bisericii.<\/li>\n<li>Pastorul va supraveghea \u00eentreaga lucrare a Bisericii ca \u0219i toate activit\u0103\u021bile \u0219i organiza\u021biile legate de aceasta (Faptele Apostolilor 20:28). Nici un program \u0219i nici o decizie sau activitate a Bisericii nu va putea func\u021biona f\u0103r\u0103 aprobarea pastorului (Evrei 13:7, 17).<\/li>\n<li>Pastorul va fi un membru &lt;ex officio&gt; (din oficiu) al tuturor comitetelor \u0219i organiza\u021biilor legate de Biseric\u0103.<\/li>\n<li>Pastorul va ac\u021biona ca moderator al tuturor \u00eent\u00e2lnirilor, iar \u00een absen\u021ba lui nu se va putea face nici o adunare general\u0103. <strong>*Dac\u0103 Biserica nu are pastor, diaconii vor alege o persoan\u0103 care va prezida.<\/strong><\/li>\n<li>Pastorul\u00a0 va numi to\u021bi slujitorii ne ale\u0219i ai Bisericii, va crea \u0219i va stabili ocuparea pozi\u021biilor organiza\u021bionale dup\u0103 cum va considera necesar. Va fi responsabilitatea pastorului s\u0103 angajeze sau s\u0103 concedieze\u00a0 membrii pl\u0103ti\u021bi ai conducerii, \u00een pozi\u021biile create \u00een Biseric\u0103.<\/li>\n<li>Pastorul va supraveghea preg\u0103tirea unui buget anual care va fi prezentat Bisericii spre aprobare.<\/li>\n<\/ol>\n<\/li>\n<li><strong>Termenul slujbei:<\/strong>\n<ol>\n<li>Pastorul va fi chemat pentru un termen nedefinit \u0219i va continua \u00een slujb\u0103 p\u00e2n\u0103 c\u00e2nd (1) moare, (2) demisioneaz\u0103, sau (3) Biserica voteaz\u0103 \u00eentr-o \u00eentrunire special\u0103 \u00eendep\u0103rtarea lui din slujba Bisericii respective. <strong>Pentru \u00eendep\u0103rtarea unui pastor din slujb\u0103 va fi necesar\u0103 o majoritate de 2\/3 din voturile membrilor califica\u021bi prezen\u021bi la \u00eentrunire.<\/strong><\/li>\n<li>\u00cen cazul demisiei sau a votului Bisericii, se va face o notificare de 30 de zile.<\/li>\n<\/ol>\n<\/li>\n<li><strong>Chemarea unui pastor:<\/strong>\n<ol>\n<li>C\u00e2nd \u00een pastora\u021bie apare un post vacant, diaconii vor ac\u021biona ca \u0219i comitet al amvonului.<\/li>\n<li>C\u00e2nd este contactat un candidat, i se vor da Statutul \u0219i Crezul acestei Biserici, cu care el va trebui s\u0103 fie de acord \u0219i s\u0103 confirme aceasta comitetului de amvon, \u00eenainte de\u00a0 candidatura sa la pastorala acestei Biserici. <strong>Nimeni nu va fi invitat s\u0103 predice Bisericii ca \u0219i candidat, p\u00e2n\u0103 c\u00e2nd comitetul de amvon nu l-a ascultat \u0219i evaluat.<\/strong><\/li>\n<li>\u00cenainte de vizita candidatului pentru a predica, se va anun\u021ba public \u00een cel pu\u021bin un serviciu obi\u0219nuit al Bisericii, c\u0103 acesta este un candidat pentru pastoral\u0103.<\/li>\n<li>\u00cen serviciul obi\u0219nuit al Bisericii \u00een care predic\u0103 candidatul, se va anun\u021ba data supunerii la vot a candidatului, dac\u0103 acesta va fi sau nu chemat ca pastor. <strong>Nu vor fi lua\u021bi \u00een discu\u021bie mai mul\u021bi candida\u021bi \u00een acela\u0219i timp.<\/strong><\/li>\n<li>Candidatul chemat la pastoral\u0103 va fi validat printr-o majoritate de 2\/3 din voturile membrilor califica\u021bi prezen\u021bi.<\/li>\n<\/ol>\n<\/li>\n<li><strong>Ordinarea unui pastor:<\/strong>\n<ol>\n<li>Pastorul sau comitetul de amvon va alc\u0103tui o comisie de ordinare format\u0103 din minim trei (3) pastori din biserici cu aceea\u0219i doctrin\u0103 \u0219i practic\u0103. Aceast\u0103 comisie va examina candidatul. Dac\u0103 dup\u0103 examinarea candidatului, comisia va refuza ordinarea, Biserica Local\u0103 va decide procedura ulterioar\u0103.<\/li>\n<li>Biserica va organiza ordinarea candidatului la o dat\u0103 stabilit\u0103 care va fi anun\u021bat\u0103 la cel pu\u021bin dou\u0103 servicii ale Bisericii. Certificatul de ordinare va fi eliberat de Biseric\u0103, \u0219i va purta semn\u0103turile pastorilor din comisia de ordinare.<\/li>\n<\/ol>\n<\/li>\n<\/ol>\n<p><strong><em>Sec\u021biunea II &#8211; Diaconii<\/em><\/strong><\/p>\n<ol>\n<li><strong>Calific\u0103rile \u0219i \u00eendatoririle<\/strong>\n<ol>\n<li>Diaconii trebuie s\u0103 se califice conform celor afirmate \u00een Faptele Apostolilor 6:1-7 \u0219i I Timotei 3:8-13. Via\u021ba unui diacon \u0219i a familiei sale trebuie s\u0103 fie evlavioas\u0103 \u0219i spiritual\u0103. Nimeni nu va fi propus s\u0103 slujeasc\u0103 diacon, dac\u0103 nu este de acord cu Crezul Bisericii.<\/li>\n<li>\u00cendatorirea unui diacon este s\u0103 fie un slujitor al Bisericii. Diaconul \u00eel va asista pe pastor \u00een cre\u0219terea numeric\u0103, material\u0103 \u0219i spiritual\u0103 a Bisericii; \u00cen vizitarea bolnavilor \u0219i nevoia\u0219ilor; \u0219i va lupta personal pentru c\u00e2\u0219tigarea celor pierdu\u021bi pentru Hristos. \u00cendatoririle sale fa\u021b\u0103 de pastor vor fi acelea de a se ruga pentru el sincer \u0219i continuu, \u0219i de a lupta \u00een orice fel pentru a-l ajuta pe acesta \u00een \u00eendeplinirea \u00eendatoririlor sale scripturale. Diaconul va avea grij\u0103 s\u0103 asigure cele necesare particip\u0103rii la Ordonan\u021bele Bisericii. Diaconul va \u00eendeplini orice alt\u0103 \u00eendatorire pentru care este numit de pastor.<\/li>\n<\/ol>\n<\/li>\n<li><strong>Alegerea \u0219i termenul slujbei.<\/strong>\n<ol>\n<li>Biserica va alege diaconii anual, dup\u0103 cum este nevoie. Dac\u0103 nu exist\u0103 candida\u021bi califica\u021bi, nu vor fi ale\u0219i diaconi.<\/li>\n<li>Diaconii pot fi reale\u0219i dac\u0103 Biserica dore\u0219te acest lucru.<\/li>\n<\/ol>\n<\/li>\n<\/ol>\n<p><strong><em>Sec\u021biunea\u00a0 III &#8211; SLUJBE ADMINISTRATIVE.<\/em><\/strong><\/p>\n<ol>\n<li><strong>Administrator<\/strong>\n<ol>\n<li>Biserica va alege dintre membrii activi un administrator pe o perioad\u0103 de un an. Dac\u0103 Biserica dore\u0219te, administratorul poate fi reales \u00een aceast\u0103 slujb\u0103.<\/li>\n<li>Administratorul va r\u0103spunde de integritatea patrimoniului, \u00eentre\u021binerea propriet\u0103\u021bilor, precum \u0219i alte activit\u0103\u021bi cu privire la func\u021bionalitatea bunurilor \u0219i imobilelor. Administratorul poate primi \u0219i alte sarcini din partea pastorului.<\/li>\n<\/ol>\n<\/li>\n<li><strong>Secretar<\/strong>\n<ol>\n<li>Biserica va alege dintre membrii activi un secrtetar pe perioada de un an. Dac\u0103 Biserica dore\u0219te, secretarul poate fi reales \u00een aceast\u0103 slujb\u0103.<\/li>\n<li>Secretarul va fi responsabil cu p\u0103strarea \u0219i actualizarea atent\u0103 a membralit\u0103\u021bii \u0219i cu coresponden\u021ba Bisericii. Secretarul va avea \u00een p\u0103strare \u0219tampila Bisericii \u0219i formularele cu regim special \u0219i va conduce eviden\u021ba lor.<\/li>\n<\/ol>\n<\/li>\n<li><strong>Casier<\/strong>\n<ol>\n<li>Biserica va alege dintre membrii activi un casier pe perioada de un an. Dac\u0103 Biserica dore\u0219te, casierul poate fi reales \u00een acesta\u0103 slujb\u0103.<\/li>\n<li>Casierul r\u0103spunde de eviden\u021ba \u0219i p\u0103strarea fondurilor b\u0103ne\u0219ti \u0219i efectuarea pl\u0103\u021bilor. El are obliga\u021bia de a informa pe pastor \u00eenainte de efectuarea oric\u0103rei pl\u0103\u021bi sau alte opera\u021biuni financiare. Pl\u0103\u021bile se vor face prin virament sau che\u0219.<\/li>\n<\/ol>\n<\/li>\n<li><strong>Comisia de cenzori<\/strong>\n<ol>\n<li>\u00cen scopul verific\u0103rilor din punct de vedere financiar contabil a activit\u0103\u021bilor financiare, Biserica va desemna pe durata de un an de zile o comisie de cenzori format\u0103 din cel pu\u021bin trei membri.<\/li>\n<li>Cenzorii controleaz\u0103 caseria odat\u0103 pe an \u0219i ori de c\u00e2te ori sunt solicita\u021bi de c\u0103tre p\u0103stor.<\/li>\n<li>*Compartimentul administrativ va da socoteal\u0103 pastorului de \u00eentreaga activitate. Compartimentul administrativ va fi propus \u0219i votat \u00een adunarea general\u0103 anual\u0103.<\/li>\n<\/ol>\n<\/li>\n<\/ol>\n<h3><strong>ARTICOLUL\u00a0 V<\/strong><\/h3>\n<p><strong>ADUN\u0102RI GENERALE \u0218I ALEGERI<\/strong><\/p>\n<p>La Adun\u0103rile Generale ale Bisericii pot participa doar membrii care sunt \u00een r\u00e2nduial\u0103 (dac\u0103 nu sunt exclu\u0219i sau pu\u0219i la disciplin\u0103). Adun\u0103rile generale pot avea loc dac\u0103 particip\u0103 cel pu\u021bin jum\u0103tate plus unu din num\u0103rul total al membrilor Bisericii.<\/p>\n<p><strong><em>Sec\u021biunea\u00a0 I\u00a0 &#8211; Adunarea General\u0103 Anual\u0103<\/em><\/strong><\/p>\n<p>Adunarea General\u0103 Anual\u0103 va fi programat\u0103 pentru una dintre Duminicile lunii februarie a fiec\u0103rui an. Dac\u0103 circumstan\u021bele justific\u0103, p\u0103storul poate hot\u0103r\u00ee o dat\u0103 alternativ\u0103. \u00cen acest caz se va face notificarea potrivit\u0103. Aceast\u0103 adunare va include alegerea slujitorilor \u0219i adoptarea bugelului Bisericii.<\/p>\n<p><strong><em>Sec\u021biunea\u00a0 II\u00a0 -Adunarea general\u0103 Ordinar\u0103 (de rutin\u0103)<\/em><\/strong><\/p>\n<p>Adunarea General\u0103 Ordinar\u0103 se poate desf\u0103\u0219ura \u00een orice serviciu al Bisericii.<\/p>\n<p><strong><em>Sec\u021biunea\u00a0\u00a0 III \u2013Adunarea General\u0103 Special\u0103<\/em><\/strong><\/p>\n<p>Adunarea General\u0103 Special\u0103 poate fi convocat\u0103 de c\u0103tre pastor, sau de diaconi dac\u0103 Biserica nu are p\u0103stor. Anun\u021barea Adun\u0103rii Generale Speciale trebuie f\u0103cut\u0103 de la amvon \u00een cel pu\u021bin dou\u0103 servicii consecutive \u00eenainte de data Adun\u0103rii. Adun\u0103rile Generale Speciale vor fi necesare pentru cump\u0103rarea, v\u00e2nzarea \u0219i ipotecarea propriet\u0103\u021bilor imobiliare, precum \u0219i pentru alegerea sau eliberarea din slujb\u0103 a pastorului.<\/p>\n<p><strong><em>Sec\u021biunea\u00a0\u00a0 IV -Propuneri \u0219i proceduri<\/em><\/strong><\/p>\n<ol>\n<li><strong>Luare de cuv\u00e2nt.<\/strong>\n<ol>\n<li>Orice membru cu drept de vot care dore\u0219te s\u0103 vorbeasc\u0103 cu privire la o propunere, se va ridica \u00een picioare la locul lui \u0219i se va adresa moderatorului pentru a fi observat. Fiind observat, vorbitorul \u00ee\u021bi va limita remarcile la propunerea respectiv\u0103.<\/li>\n<\/ol>\n<\/li>\n<li><strong>Votarea<\/strong>\n<ol>\n<li>O persoan\u0103 trebuie s\u0103 fie \u00een bun\u0103 r\u00e2nduial\u0103 cu Biserica pentru a fi \u00een registrul activ \u0219i astfel eligibil s\u0103 voteze.<\/li>\n<li>O propunere va fi supus\u0103 la vot de c\u0103tre moderator dup\u0103 ce mai \u00eent\u00e2i a fost cu claritate reafirmat\u0103 de el, pentru ca to\u021bi s\u0103 poat\u0103 vota \u00een deplin\u0103 cuno\u0219tin\u021b\u0103 de cauz\u0103. \u00cent\u00e2i se va cere votul afirmativ, apoi cel negativ. Fiecare vot va fi at\u00e2t de deliberat, \u00eenc\u00e2t to\u021bi s\u0103 aib\u0103 oportunitatea de a vota. Apoi moderatorul va anun\u021ba clar dac\u0103 propunerea a fost acceptat\u0103\u00a0 sau nu. Dac\u0103 votul este str\u00e2ns, se va num\u0103ra.\u00a0Hot\u0103r\u00e2rile se vor lua cu jum\u0103tate plus unu din num\u0103rul membrilor prezen\u021bi.<\/li>\n<\/ol>\n<\/li>\n<li><strong>Apelul<\/strong>\n<ol>\n<li>Moderatorul va anun\u021ba toate voturile \u0219i va decide\u00a0 \u00eentreb\u0103rile pertinente cu privire la regulile procedurale \u0219i ordonarea dezbaterii.<\/li>\n<\/ol>\n<\/li>\n<li><strong>Suspendare (am\u00e2nare)<\/strong>\n<ol>\n<li>Suspendarea unei propuneri simple va fi \u00eentotdeauna corect\u0103, \u00een cazului \u00een care un membru vorbe\u0219te sau \u00een timp ce se voteaz\u0103.<\/li>\n<\/ol>\n<\/li>\n<\/ol>\n<h3><strong>ARTICOLUL\u00a0 VI<\/strong><\/h3>\n<p><strong>\u00a0<\/strong><strong>ORGANIZA\u021aII AUXILIARE<\/strong><\/p>\n<p>Nici un grup auxiliar nu se va organiza \u00een numele Bisericii sau ca activitate legat\u0103 de Biseric\u0103, f\u0103r\u0103 ca \u00eeninte s\u0103 primeasc\u0103 autoritatea Bisericii prin pastor.<\/p>\n<h3><strong>ARTICOLUL\u00a0\u00a0 VII<\/strong><\/h3>\n<p><strong>\u00a0<\/strong><strong>AFILIETRI<\/strong><\/p>\n<p>Aceast\u0103 Biseric\u0103 va fi strict independent\u0103 \u0219i de sine st\u0103t\u0103toare \u00een toate problemele, \u0219i nu va fi sub direc\u021bionarea sau controlul nici unei denomina\u021biuni sau federa\u021bii, ci sub directa conducere a Duhului Sf\u00e2nt prin pastor \u0219i membrii ei. Biserica poate s\u0103 aib\u0103 p\u0103rt\u0103\u0219ie \u0219i s\u0103 coopereze voluntar cu alte biserici \u0219i organiza\u021bii, pentru \u00eenaintarea Evangheliei.<\/p>\n<h3><strong>ARTICOLUL\u00a0 VIII<\/strong><\/h3>\n<p><strong>AMENDAMENTE<\/strong><\/p>\n<p>Acest statul poate fi amendat sau revizuit \u00een orice Adunare General\u0103 a Bisericii, dup\u0103 ce s-a f\u0103cut de cunoscut amendamentul, anticipat, \u00een cel pu\u021bin dou\u0103 servicii consecutive ale Bisericii \u0219i, dup\u0103 ce amendamentul propus a fost afi\u0219at \u00een loc vizibil, cu cel pu\u021bin dou\u0103 s\u0103pt\u0103m\u00e2ni \u00eenainte de Adunare. <strong>Statutul poate fi amendat sau revizuit printr-un vot majoritar de 2\/3 al membrilor clifica\u021bi prezen\u021bi.<\/strong><\/p>\n<h3><strong>ARTICOLUL\u00a0 IX<\/strong><\/h3>\n<p><strong>DIZOLVAREA<\/strong><\/p>\n<p>\u00cen cazul dizolv\u0103rii Bisericii, patrimoniul se va transmite unei biserici sau organiza\u021bii non profit, care este \u00een aliniament cu pozi\u021bia doctrinar\u0103 a Bisericii, \u00een baza hot\u0103r\u00e2rii Adun\u0103rii Generale \u00een perioada dizolv\u0103rii, f\u0103r\u0103 ca acesta s\u0103 fie divizat. <strong>\u00cen acest caz, nici unul din membrii ei nu are dreptul la patrimoniu.<\/strong><strong>\u00a0<\/strong> <strong>===================================<\/strong><strong>==================================<\/strong><\/p>\n ","protected":false},"excerpt":{"rendered":"<p>DISPOZI\u021aII GENERALE \u00a0\u00a0\u00a0\u00a0\u00a0\u00a0\u00a0\u00a0\u00a0\u00a0\u00a0\u00a0 Noi credem c\u0103 Biserica Local\u0103 este un trup al c\u0103rui cap este Domnul Isus Hristos. Ea se \u00eentemeiaz\u0103 numai pe baza \u00eenv\u0103\u021b\u0103turii Sfintelor Scripturi, se guverneaz\u0103 singur\u0103, c\u0103l\u0103uzit\u0103 de Duhul Sf\u00e2nt, trebuind s\u0103 fac\u0103 toate lucrurile \u00een decen\u021b\u0103 \u0219i r\u00e2nduial\u0103. \u00a0\u00a0\u00a0\u00a0\u00a0\u00a0\u00a0\u00a0\u00a0\u00a0\u00a0\u00a0Biserica Local\u0103 este liber\u0103 (autonom\u0103) fa\u021b\u0103 de stat \u0219i fa\u021b\u0103 de orice &hellip; <a href=\"https:\/\/abifiladelfia-vl.org\/index.php\/statutul-bisericii-baptiste-independente-filadelfia-rm-valcea\/\" class=\"more-link\">Continu\u0103 s\u0103 cite\u0219ti <span class=\"screen-reader-text\">Statutul Bisericii Baptiste Independente \u201cFILADELFIA\u201d Rm-V\u00e2lcea<\/span><\/a><\/p>\n","protected":false},"author":1,"featured_media":0,"parent":0,"menu_order":0,"comment_status":"closed","ping_status":"closed","template":"","meta":{"footnotes":""},"class_list":["post-1534","page","type-page","status-publish","hentry"],"jetpack_sharing_enabled":true,"_links":{"self":[{"href":"https:\/\/abifiladelfia-vl.org\/index.php\/wp-json\/wp\/v2\/pages\/1534","targetHints":{"allow":["GET"]}}],"collection":[{"href":"https:\/\/abifiladelfia-vl.org\/index.php\/wp-json\/wp\/v2\/pages"}],"about":[{"href":"https:\/\/abifiladelfia-vl.org\/index.php\/wp-json\/wp\/v2\/types\/page"}],"author":[{"embeddable":true,"href":"https:\/\/abifiladelfia-vl.org\/index.php\/wp-json\/wp\/v2\/users\/1"}],"replies":[{"embeddable":true,"href":"https:\/\/abifiladelfia-vl.org\/index.php\/wp-json\/wp\/v2\/comments?post=1534"}],"version-history":[{"count":5,"href":"https:\/\/abifiladelfia-vl.org\/index.php\/wp-json\/wp\/v2\/pages\/1534\/revisions"}],"predecessor-version":[{"id":1542,"href":"https:\/\/abifiladelfia-vl.org\/index.php\/wp-json\/wp\/v2\/pages\/1534\/revisions\/1542"}],"wp:attachment":[{"href":"https:\/\/abifiladelfia-vl.org\/index.php\/wp-json\/wp\/v2\/media?parent=1534"}],"curies":[{"name":"wp","href":"https:\/\/api.w.org\/{rel}","templated":true}]}}